{"id":805,"date":"2013-11-06T12:07:06","date_gmt":"2013-11-06T10:07:06","guid":{"rendered":"http:\/\/zsae-karolewo.home.pl\/?page_id=805"},"modified":"2021-07-07T22:25:01","modified_gmt":"2021-07-07T20:25:01","slug":"oferta-ksztalcenia-w-szkolach-dla-doroslych","status":"publish","type":"page","link":"https:\/\/zsae-karolewo.home.pl\/?page_id=805","title":{"rendered":"Szko\u0142y dla doros\u0142ych"},"content":{"rendered":"<h1>Zapraszamy osoby doros\u0142e do nauki:<\/h1>\n<h2><span style=\"color: #ff0000;\"><strong>w Liceum Og\u00f3lnokszta\u0142c\u0105cym<\/strong><\/span><\/h2>\n<ul>\n<li>absolwent\u00f3w gimnazjum i o\u015bmioklasowej szko\u0142y podstawowej- nauka trwa 4 lata (8 semestr\u00f3w);<\/li>\n<li>absolwent\u00f3w zasadniczej szko\u0142y zawodowej lub bran\u017cowej szko\u0142y I stopnia &#8211; nauka trwa 3 lata (6 semestr\u00f3w)<\/li>\n<li>forma organizacji zaj\u0119\u0107 &#8211; zaoczna<\/li>\n<\/ul>\n<p>Druk wniosku o przyj\u0119cie do pobrania tutaj: <a href=\"http:\/\/zsae-karolewo.home.pl\/wp-content\/uploads\/2013\/11\/wniosek_o_przyjecie_do_liceum_dorosli.doc\">wniosek_o_przyjecie_do_liceum_dorosli<\/a><\/p>\n<h2><strong><span style=\"color: #ff0000;\">w Szkole Policealnej: <\/span><\/strong><\/h2>\n<ul>\n<li><strong><span style=\"color: #ff0000;\">w zawodzie florysta<\/span><\/strong><\/li>\n<li><strong><span style=\"color: #ff0000;\">w zawodzie technik weterynarii<\/span><\/strong><\/li>\n<\/ul>\n<p>Druk wniosku o przyj\u0119cie do pobrania tutaj: <a href=\"http:\/\/zsae-karolewo.home.pl\/wp-content\/uploads\/2013\/11\/wniosek_o_przyjecie_do_szkoly_policealnej.doc\">wniosek_o_przyjecie_do_szkoly_policealnej<\/a><\/p>\n<p><a href=\"http:\/\/zsae-karolewo.home.pl\/wp-content\/uploads\/2015\/09\/CAM00167.jpg\" rel=\"lightbox[805]\"><img loading=\"lazy\" class=\"alignnone wp-image-1918\" src=\"http:\/\/zsae-karolewo.home.pl\/wp-content\/uploads\/2015\/09\/CAM00167-768x1024.jpg\" alt=\"CAM00167\" width=\"348\" height=\"464\" srcset=\"https:\/\/zsae-karolewo.home.pl\/wp-content\/uploads\/2015\/09\/CAM00167-768x1024.jpg 768w, https:\/\/zsae-karolewo.home.pl\/wp-content\/uploads\/2015\/09\/CAM00167-225x300.jpg 225w\" sizes=\"(max-width: 348px) 100vw, 348px\" \/><\/a><\/p>\n<ul>\n<li>dla absolwent\u00f3w szk\u00f3\u0142 (liceum, technikum)-<\/li>\n<li>nauka trwa dwa semestry,<\/li>\n<li>forma organizacji zaj\u0119\u0107 &#8211; zaoczna<\/li>\n<li><a href=\"http:\/\/zsae-karolewo.home.pl\/wp-content\/uploads\/2013\/11\/INFORMACJA-O-ZAWODZIE-FLORYSTA.pdf\">INFORMACJA O ZAWODZIE FLORYSTA<\/a><\/li>\n<li><a href=\"http:\/\/zsae-karolewo.home.pl\/wp-content\/uploads\/2013\/11\/Prezentacja-zawodu-Florysta.pdf\">Prezentacja zawodu Florysta<\/a><\/li>\n<li><a href=\"http:\/\/zsae-karolewo.home.pl\/wp-content\/uploads\/2013\/11\/informacja_o-szkole_policealnej_technik_weterynarii.pdf\">Informacja_o szkole_policealnej_technik_weterynarii<\/a><\/li>\n<\/ul>\n<h3><strong><a href=\"http:\/\/zsae-karolewo.home.pl\/wp-content\/uploads\/2013\/11\/REGULAMIN_przyjmowania_szkoly_dla_doroslych.pdf\">ZASADY NABORU DO SZK\u00d3\u0141 DLA DOROS\u0141YCH<\/a><\/strong><\/h3>\n<p><strong>UWAGA !!!<\/strong><\/p>\n<p style=\"text-align: center;\"><span style=\"color: #ff0000;\"><strong>NAUKA W LICEUM OG\u00d3LNOKSZTA\u0141C\u0104CYM I W SZKOLE POLICEALNEJ JEST BEZP\u0141ATNA<\/strong><\/span><\/p>\n<p>Wszystkim zainteresowanym podniesieniem swoich kwalifikacji szko\u0142a oferuje <span style=\"color: #993300;\">profesjonaln\u0105<\/span> kadr\u0119 nauczycielsk\u0105, nasze do\u015bwiadczenie i dobrze wyposa\u017cone pracownie do nauki.<\/p>\n<p>Szczeg\u00f3\u0142owe informacje mo\u017cna uzyska\u0107 w sekretariacie zespo\u0142u szk\u00f3\u0142 od poniedzia\u0142ku do pi\u0105tku w\u00a0 godzinach 7:30-15:00 i pod telefonami: 52 3819276, 507 748 901<\/p>\n<p><a href=\"https:\/\/www.google.pl\/maps\/place\/Zesp%C3%B3%C5%82+Szk%C3%B3%C5%82+Agro-Ekonomicznych+im.+Bronis%C5%82awa+Zamojdzina\/@53.308206,18.097718,14z\/data=!4m2!3m1!1s0x0:0x92a1e50b7aae9115\">Lokalizacja szko\u0142y<\/a><\/p>\n","protected":false},"excerpt":{"rendered":"<p>Zapraszamy osoby doros\u0142e do nauki: w Liceum Og\u00f3lnokszta\u0142c\u0105cym absolwent\u00f3w gimnazjum i o\u015bmioklasowej szko\u0142y podstawowej- nauka trwa 4 lata (8 semestr\u00f3w); absolwent\u00f3w zasadniczej szko\u0142y zawodowej lub bran\u017cowej szko\u0142y I stopnia &#8211; nauka trwa 3 lata (6 semestr\u00f3w) forma organizacji zaj\u0119\u0107 &#8211; &hellip; <a href=\"https:\/\/zsae-karolewo.home.pl\/?page_id=805\">Czytaj dalej <span class=\"meta-nav\">&rarr;<\/span><\/a><\/p>\n","protected":false},"author":1,"featured_media":0,"parent":0,"menu_order":2,"comment_status":"closed","ping_status":"closed","template":"","meta":[],"_links":{"self":[{"href":"https:\/\/zsae-karolewo.home.pl\/index.php?rest_route=\/wp\/v2\/pages\/805"}],"collection":[{"href":"https:\/\/zsae-karolewo.home.pl\/index.php?rest_route=\/wp\/v2\/pages"}],"about":[{"href":"https:\/\/zsae-karolewo.home.pl\/index.php?rest_route=\/wp\/v2\/types\/page"}],"author":[{"embeddable":true,"href":"https:\/\/zsae-karolewo.home.pl\/index.php?rest_route=\/wp\/v2\/users\/1"}],"replies":[{"embeddable":true,"href":"https:\/\/zsae-karolewo.home.pl\/index.php?rest_route=%2Fwp%2Fv2%2Fcomments&post=805"}],"version-history":[{"count":39,"href":"https:\/\/zsae-karolewo.home.pl\/index.php?rest_route=\/wp\/v2\/pages\/805\/revisions"}],"predecessor-version":[{"id":8154,"href":"https:\/\/zsae-karolewo.home.pl\/index.php?rest_route=\/wp\/v2\/pages\/805\/revisions\/8154"}],"wp:attachment":[{"href":"https:\/\/zsae-karolewo.home.pl\/index.php?rest_route=%2Fwp%2Fv2%2Fmedia&parent=805"}],"curies":[{"name":"wp","href":"https:\/\/api.w.org\/{rel}","templated":true}]}}